{"id":10,"date":"2024-10-15T16:52:22","date_gmt":"2024-10-15T16:52:22","guid":{"rendered":"https:\/\/riedersheim.de\/wordpress\/?page_id=10"},"modified":"2024-11-03T20:20:08","modified_gmt":"2024-11-03T20:20:08","slug":"vorstandschaft","status":"publish","type":"page","link":"https:\/\/riedersheim.de\/index.php\/vorstandschaft\/","title":{"rendered":"Vorstandschaft"},"content":{"rendered":"\n<p>Die aktuelle Vorstandschaft wurde bei der Generalversammlung am 15. April 2024 gew\u00e4hlt. In der <a href=\"https:\/\/riedersheim.de\/index.php\/chronik\/\" data-type=\"page\" data-id=\"194\">Chronik<\/a> sind alle ehemaligen Sch\u00fctzenmeister aufgef\u00fchrt-<\/p>\n\n\n\n<figure class=\"wp-block-table\"><table class=\"has-fixed-layout\"><tbody><tr><td><strong>1. Vorstand \/ Sch\u00fctzenmeister<\/strong><\/td><td class=\"has-text-align-left\" data-align=\"left\"><strong>Robert Wagner<\/strong><\/td><\/tr><tr><td>2. Vorstand<\/td><td class=\"has-text-align-left\" data-align=\"left\">Ralph Lallinger<\/td><\/tr><tr><td><strong>1. Kassier<\/strong><\/td><td class=\"has-text-align-left\" data-align=\"left\"><strong>Katja Stein<\/strong><\/td><\/tr><tr><td>2. Kassier<\/td><td class=\"has-text-align-left\" data-align=\"left\">Florian Stein<\/td><\/tr><tr><td><strong>1. Schriftf\u00fchrer<\/strong><\/td><td class=\"has-text-align-left\" data-align=\"left\"><strong>Monika Hochholzer<\/strong><\/td><\/tr><tr><td>2. Schriftf\u00fchrer<\/td><td class=\"has-text-align-left\" data-align=\"left\">Erika Hambeck<\/td><\/tr><tr><td><strong>1. Sportleiter<\/strong><\/td><td class=\"has-text-align-left\" data-align=\"left\"><strong>Robert Hilger<\/strong><\/td><\/tr><tr><td>2. Sportleiter<\/td><td class=\"has-text-align-left\" data-align=\"left\">Johann Maier<\/td><\/tr><tr><td><strong>1. Jugendleiter<\/strong><\/td><td class=\"has-text-align-left\" data-align=\"left\"><strong>Margit W\u00f6lfl<\/strong><\/td><\/tr><tr><td>2. Jugendleiter<\/td><td class=\"has-text-align-left\" data-align=\"left\">Gottfried Prostmeier<\/td><\/tr><\/tbody><\/table><\/figure>\n\n\n\n<p><strong>Kontakt: <a href=\"mailto:schuetzenverein.riedersheim@gmail.com\">schuetzenverein.riedersheim@gmail.com<\/a><\/strong><\/p>\n\n\n\n<p><\/p>\n","protected":false},"excerpt":{"rendered":"<p>Die aktuelle Vorstandschaft wurde bei der Generalversammlung am 15. April 2024 gew\u00e4hlt. In der Chronik sind alle ehemaligen Sch\u00fctzenmeister aufgef\u00fchrt- 1. Vorstand \/ Sch\u00fctzenmeister Robert Wagner 2. Vorstand Ralph Lallinger 1. Kassier Katja Stein 2. Kassier Florian Stein 1. Schriftf\u00fchrer &hellip; <a href=\"https:\/\/riedersheim.de\/index.php\/vorstandschaft\/\">Weiterlesen <span class=\"meta-nav\">&rarr;<\/span><\/a><\/p>\n","protected":false},"author":1,"featured_media":0,"parent":0,"menu_order":0,"comment_status":"closed","ping_status":"closed","template":"","meta":{"footnotes":""},"class_list":["post-10","page","type-page","status-publish","hentry"],"jetpack_sharing_enabled":true,"_links":{"self":[{"href":"https:\/\/riedersheim.de\/index.php\/wp-json\/wp\/v2\/pages\/10","targetHints":{"allow":["GET"]}}],"collection":[{"href":"https:\/\/riedersheim.de\/index.php\/wp-json\/wp\/v2\/pages"}],"about":[{"href":"https:\/\/riedersheim.de\/index.php\/wp-json\/wp\/v2\/types\/page"}],"author":[{"embeddable":true,"href":"https:\/\/riedersheim.de\/index.php\/wp-json\/wp\/v2\/users\/1"}],"replies":[{"embeddable":true,"href":"https:\/\/riedersheim.de\/index.php\/wp-json\/wp\/v2\/comments?post=10"}],"version-history":[{"count":15,"href":"https:\/\/riedersheim.de\/index.php\/wp-json\/wp\/v2\/pages\/10\/revisions"}],"predecessor-version":[{"id":690,"href":"https:\/\/riedersheim.de\/index.php\/wp-json\/wp\/v2\/pages\/10\/revisions\/690"}],"wp:attachment":[{"href":"https:\/\/riedersheim.de\/index.php\/wp-json\/wp\/v2\/media?parent=10"}],"curies":[{"name":"wp","href":"https:\/\/api.w.org\/{rel}","templated":true}]}}