{"id":15,"date":"2024-10-15T16:54:24","date_gmt":"2024-10-15T16:54:24","guid":{"rendered":"https:\/\/riedersheim.de\/wordpress\/?page_id=15"},"modified":"2024-10-28T19:22:54","modified_gmt":"2024-10-28T19:22:54","slug":"impressum","status":"publish","type":"page","link":"https:\/\/riedersheim.de\/index.php\/impressum\/","title":{"rendered":"Impressum"},"content":{"rendered":"\n<p>Sch\u00fctzenverein Almenrausch und Edelwei\u00df Riedersheim e. V.<br>Haselbach 17<br>85461 Bockhorn<\/p>\n\n\n\n<p>Vereinsregister: VR 110632<br>Registergericht: Amtsgericht M\u00fcnchen<\/p>\n\n\n\n<p>Vertreten durch: Robert Wagner<br><\/p>\n\n\n\n<h2 class=\"wp-block-heading\">Kontakt<\/h2>\n\n\n\n<p>E-Mail: Schuetzenverein.Riedersheim@gmail.com<\/p>\n\n\n\n<h2 class=\"wp-block-heading\"><br>Redaktionell verantwortlich<\/h2>\n\n\n\n<p>Der Vorstand Robert Wagner<\/p>\n\n\n\n<h2 class=\"wp-block-heading\"><br>Verbraucherstreitbeilegung\/Universalschlichtungsstelle<\/h2>\n\n\n\n<p>Wir sind nicht bereit oder verpflichtet, an Streitbeilegungsverfahren vor einer<br>Verbraucherschlichtungsstelle teilzunehmen.<br><\/p>\n\n\n\n<h2 class=\"wp-block-heading\">Quelle:<\/h2>\n\n\n\n<p>https:\/\/www.e-recht24.de<br><\/p>\n","protected":false},"excerpt":{"rendered":"<p>Sch\u00fctzenverein Almenrausch und Edelwei\u00df Riedersheim e. V.Haselbach 1785461 Bockhorn Vereinsregister: VR 110632Registergericht: Amtsgericht M\u00fcnchen Vertreten durch: Robert Wagner Kontakt E-Mail: Schuetzenverein.Riedersheim@gmail.com Redaktionell verantwortlich Der Vorstand Robert Wagner Verbraucherstreitbeilegung\/Universalschlichtungsstelle Wir sind nicht bereit oder verpflichtet, an Streitbeilegungsverfahren vor einerVerbraucherschlichtungsstelle teilzunehmen. Quelle: &hellip; <a href=\"https:\/\/riedersheim.de\/index.php\/impressum\/\">Weiterlesen <span class=\"meta-nav\">&rarr;<\/span><\/a><\/p>\n","protected":false},"author":1,"featured_media":0,"parent":0,"menu_order":0,"comment_status":"closed","ping_status":"closed","template":"","meta":{"footnotes":""},"class_list":["post-15","page","type-page","status-publish","hentry"],"jetpack_sharing_enabled":true,"_links":{"self":[{"href":"https:\/\/riedersheim.de\/index.php\/wp-json\/wp\/v2\/pages\/15","targetHints":{"allow":["GET"]}}],"collection":[{"href":"https:\/\/riedersheim.de\/index.php\/wp-json\/wp\/v2\/pages"}],"about":[{"href":"https:\/\/riedersheim.de\/index.php\/wp-json\/wp\/v2\/types\/page"}],"author":[{"embeddable":true,"href":"https:\/\/riedersheim.de\/index.php\/wp-json\/wp\/v2\/users\/1"}],"replies":[{"embeddable":true,"href":"https:\/\/riedersheim.de\/index.php\/wp-json\/wp\/v2\/comments?post=15"}],"version-history":[{"count":4,"href":"https:\/\/riedersheim.de\/index.php\/wp-json\/wp\/v2\/pages\/15\/revisions"}],"predecessor-version":[{"id":330,"href":"https:\/\/riedersheim.de\/index.php\/wp-json\/wp\/v2\/pages\/15\/revisions\/330"}],"wp:attachment":[{"href":"https:\/\/riedersheim.de\/index.php\/wp-json\/wp\/v2\/media?parent=15"}],"curies":[{"name":"wp","href":"https:\/\/api.w.org\/{rel}","templated":true}]}}