{"id":17,"date":"2024-10-15T16:56:54","date_gmt":"2024-10-15T16:56:54","guid":{"rendered":"https:\/\/riedersheim.de\/wordpress\/?page_id=17"},"modified":"2026-04-10T17:24:09","modified_gmt":"2026-04-10T17:24:09","slug":"schuetzenkoenige","status":"publish","type":"page","link":"https:\/\/riedersheim.de\/index.php\/schuetzenkoenige\/","title":{"rendered":"Sch\u00fctzenk\u00f6nige &#8211; Liste"},"content":{"rendered":"\n<hr class=\"wp-block-separator has-alpha-channel-opacity is-style-default\"\/>\n\n\n\n<div class=\"wp-block-buttons is-layout-flex wp-block-buttons-is-layout-flex\">\n<div class=\"wp-block-button has-custom-width wp-block-button__width-100\"><a class=\"wp-block-button__link has-white-color has-text-color has-background has-link-color has-small-font-size has-custom-font-size wp-element-button\" href=\"https:\/\/riedersheim.de\/index.php\/schuetzenkoenige-neu\/\" style=\"background-color:#009000\">Zur\u00fcck<\/a><\/div>\n<\/div>\n\n\n\n<hr class=\"wp-block-separator has-alpha-channel-opacity\"\/>\n\n\n\n<figure class=\"wp-block-table is-style-regular\"><table><thead><tr><th>Jahr<\/th><th>K\u00f6nig<\/th><th>Name<\/th><th>Teiler<\/th><\/tr><\/thead><tbody><tr><td rowspan=\"6\">2026<\/td><td>Sch\u00fctzenk\u00f6nig<\/td><td>Alfred W\u00f6lfl<\/td><td>9,18<\/td><\/tr><tr><td>Wurstk\u00f6nig<\/td><td>Johann Stein<\/td><td>32,76<\/td><\/tr><tr><td>Brezenk\u00f6nig<\/td><td>Robert Hilger<\/td><td>36,9<\/td><\/tr><tr><td>Jugend-Sch\u00fctzenk\u00f6nig<\/td><td>Quirin Berger<\/td><td>77,9<\/td><\/tr><tr><td>Jugend-Wurstk\u00f6nig<\/td><td>Jaob Beger<\/td><td>104,9<\/td><\/tr><tr><td>Jugend-Brezenk\u00f6nig<\/td><td>Luis Landau<\/td><td>106,5<\/td><\/tr><tr><td rowspan=\"6\">2025<\/td><td>Sch\u00fctzenk\u00f6nig<\/td><td>Steffen Polenz<\/td><td>8,5<\/td><\/tr><tr><td>Wurstk\u00f6nig<\/td><td>Georg Maier<\/td><td>32,2<\/td><\/tr><tr><td>Brezenk\u00f6nig<\/td><td>Josef Hambeck<\/td><td>55,1<\/td><\/tr><tr><td>Jugend-Sch\u00fctzenk\u00f6nig<\/td><td>Sebastian Prostmeier<\/td><td>53,6<\/td><\/tr><tr><td>Jugend-Wurstk\u00f6nig<\/td><td>Matthias Wagner<\/td><td>?<\/td><\/tr><tr><td>Jugend-Brezenk\u00f6nig<\/td><td>Quirin Berger<\/td><td>?<\/td><\/tr><tr><td rowspan=\"3\">2024<\/td><td>Sch\u00fctzenk\u00f6nig<\/td><td>Bj\u00f6rn Landau<\/td><td>22,7<\/td><\/tr><tr><td>Wurstk\u00f6nig<\/td><td>Robert Hilger<\/td><td>26,6<\/td><\/tr><tr><td>Brezenk\u00f6nig<\/td><td>Georg Maier<\/td><td>31,1<\/td><\/tr><tr><td rowspan=\"3\">2023<\/td><td>Sch\u00fctzenk\u00f6nig<\/td><td>Georg Maier<\/td><td>30,8<\/td><\/tr><tr><td>Wurstk\u00f6nig<\/td><td>Robert Wagner<\/td><td>39,4<\/td><\/tr><tr><td>Brezenk\u00f6nig<\/td><td>Josef Lallinger<\/td><td>40,0<\/td><\/tr><tr><td rowspan=\"3\">2022<\/td><td>Sch\u00fctzenk\u00f6nigin<\/td><td>W\u00f6lfl Margit<\/td><td>15,8<\/td><\/tr><tr><td>Wurstk\u00f6nigin<\/td><td>W\u00f6lfl Julia<\/td><td>39,8<\/td><\/tr><tr><td>Brezenk\u00f6nig<\/td><td>W\u00f6lfl Manfred<\/td><td>40,9<\/td><\/tr><tr><td rowspan=\"3\">2021<\/td><td>Sch\u00fctzenk\u00f6nig<\/td><td>Hilger Robert<\/td><td>23,0<\/td><\/tr><tr><td>Wurstk\u00f6nig<\/td><td>W\u00f6lfl Manfred<\/td><td>29,6<\/td><\/tr><tr><td>Brezenk\u00f6nig<\/td><td>Polenz Steffen<\/td><td>77,8<\/td><\/tr><tr><td rowspan=\"3\">2020<\/td><td>Sch\u00fctzenk\u00f6nig<\/td><td>Lallinger Ralph<\/td><td>22,6<\/td><\/tr><tr><td>Wurstk\u00f6nig<\/td><td>Lemmermeier Gerhard<\/td><td>23,6<\/td><\/tr><tr><td>Brezenk\u00f6nig<\/td><td>Polenz Steffen<\/td><td>24,1<\/td><\/tr><tr><td rowspan=\"3\">2019<\/td><td>Sch\u00fctzenk\u00f6nig<\/td><td>W\u00f6lfl Alfred<\/td><td>6,3<\/td><\/tr><tr><td>Wurstk\u00f6nig<\/td><td>Hambeck Josef<\/td><td>11,3<\/td><\/tr><tr><td>Brezenk\u00f6nig<\/td><td>Zur Anton<\/td><td>16,7<\/td><\/tr><tr><td rowspan=\"3\">2018<\/td><td>Sch\u00fctzenk\u00f6nig<\/td><td>Polenz Steffen<\/td><td>11,3<\/td><\/tr><tr><td>Wurstk\u00f6nig<\/td><td>Zur Anton<\/td><td>33,1<\/td><\/tr><tr><td>Brezenk\u00f6nig<\/td><td>Stein Florian<\/td><td>37,6<\/td><\/tr><tr><td rowspan=\"3\">2017<\/td><td>Sch\u00fctzenk\u00f6nig<\/td><td>Maier Georg<\/td><td>30,1<\/td><\/tr><tr><td>Wurstk\u00f6nig<\/td><td>Hambeck Josef<\/td><td>32,6<\/td><\/tr><tr><td>Brezenk\u00f6nig<\/td><td>Hochholzer Josef<\/td><td>36,7<\/td><\/tr><tr><td rowspan=\"3\">2016<\/td><td>Sch\u00fctzenk\u00f6nig<\/td><td>Hilger Robert<\/td><td>17,5<\/td><\/tr><tr><td>Wurstk\u00f6nig<\/td><td>Lallinger Ralph<\/td><td>27,3<\/td><\/tr><tr><td>Brezenk\u00f6nig<\/td><td>Landau Bj\u00f6rn<\/td><td>41,2<\/td><\/tr><tr><td rowspan=\"3\">2015<\/td><td>Sch\u00fctzenk\u00f6nig<\/td><td>Lemmermeier Gerhard<\/td><td>57,5<\/td><\/tr><tr><td>Wurstk\u00f6nig<\/td><td>Prostmeier Franz jun.<\/td><td>60,4<\/td><\/tr><tr><td>Brezenk\u00f6nig<\/td><td>Landau Bj\u00f6rn<\/td><td>61,9<\/td><\/tr><tr><td rowspan=\"3\">2014<\/td><td>Sch\u00fctzenk\u00f6nig<\/td><td>Maier Johann<\/td><td>20,3<\/td><\/tr><tr><td>Wurstk\u00f6nig<\/td><td>Hilger Robert<\/td><td>29,2<\/td><\/tr><tr><td>Brezenk\u00f6nig<\/td><td>Triller Valentin<\/td><td>33,2<\/td><\/tr><tr><td rowspan=\"3\">2013<\/td><td>Sch\u00fctzenk\u00f6nig<\/td><td>Stein Florian<\/td><td>44,8<\/td><\/tr><tr><td>Wurstk\u00f6nig<\/td><td>Maier Johann<\/td><td>52,0<\/td><\/tr><tr><td>Brezenk\u00f6nig<\/td><td>Lallinger Ralph<\/td><td>60,5<\/td><\/tr><tr><td rowspan=\"3\">2012<\/td><td>Sch\u00fctzenk\u00f6nig<\/td><td>Maier Johann<\/td><td>33,4<\/td><\/tr><tr><td>Wurstk\u00f6nig<\/td><td>W\u00f6lfl Michael<\/td><td>37,0<\/td><\/tr><tr><td>Brezenk\u00f6nig<\/td><td>Heigl Martin<\/td><td>45,0<\/td><\/tr><tr><td rowspan=\"3\">2011<\/td><td>Sch\u00fctzenk\u00f6nig<\/td><td>Prostmeier Gottfried<\/td><td>22.2<\/td><\/tr><tr><td>Wurstk\u00f6nig<\/td><td>Stein Florian<\/td><td>29,2<\/td><\/tr><tr><td>Brezenk\u00f6nig<\/td><td>Lallinger Uwe<\/td><td>59,4<\/td><\/tr><tr><td rowspan=\"3\">2010<\/td><td>Sch\u00fctzenk\u00f6nig<\/td><td>Hilger Robert<\/td><td>31,4<\/td><\/tr><tr><td>Wurstk\u00f6nig<\/td><td>Maier Georg<\/td><td>36,6<\/td><\/tr><tr><td>Brezenk\u00f6nig<\/td><td>Lallinger Ralph<\/td><td>44,6<\/td><\/tr><tr><td rowspan=\"3\">2009<\/td><td>Sch\u00fctzenk\u00f6nig<\/td><td>Eiser Sebastian<\/td><td>21,3<\/td><\/tr><tr><td>Wurstk\u00f6nig<\/td><td>Lallinger Uwe<\/td><td>25,0<\/td><\/tr><tr><td>Brezenk\u00f6nig<\/td><td>Stein Florian<\/td><td>29,9<\/td><\/tr><tr><td rowspan=\"3\">2008<\/td><td>Sch\u00fctzenk\u00f6nig<\/td><td>Hambeck Josef<\/td><td>12,3<\/td><\/tr><tr><td>Wurstk\u00f6nigin<\/td><td>W\u00f6lfl Margit<\/td><td>16,8<\/td><\/tr><tr><td>Brezenk\u00f6nig<\/td><td>Maier Georg<\/td><td>19,6<\/td><\/tr><tr><td rowspan=\"3\">2007<\/td><td>Sch\u00fctzenk\u00f6nig<\/td><td>Lemmermeier Gerhard<\/td><td>17,9<\/td><\/tr><tr><td>Wurstk\u00f6nig<\/td><td>Lallinger Heiko<\/td><td>24,1<\/td><\/tr><tr><td>Brezenk\u00f6nig<\/td><td>Hilger Robert<\/td><td>28,8<\/td><\/tr><tr><td rowspan=\"3\">2006<\/td><td>Sch\u00fctzenk\u00f6nig<\/td><td>Lallinger Ralph<\/td><td>11,8<\/td><\/tr><tr><td>Wurstk\u00f6nig<\/td><td>Heigl Martin<\/td><td>20,7<\/td><\/tr><tr><td>Brezenk\u00f6nig<\/td><td>Heigl Joseph<\/td><td>24,6<\/td><\/tr><tr><td rowspan=\"3\">2005<\/td><td>Sch\u00fctzenk\u00f6nig<\/td><td>Heigl Martin<\/td><td>11,5<\/td><\/tr><tr><td>Wurstk\u00f6nig<\/td><td>Hilger Robert<\/td><td>19,7<\/td><\/tr><tr><td>Brezenk\u00f6nig<\/td><td>Kronseder Michael<\/td><td>24,2<\/td><\/tr><tr><td rowspan=\"3\">2004<\/td><td>Sch\u00fctzenk\u00f6nig<\/td><td>Heigl Martin<\/td><td>20,3<\/td><\/tr><tr><td>Wurstk\u00f6nig<\/td><td>Huber Nikolaus<\/td><td>30,5<\/td><\/tr><tr><td>Brezenk\u00f6nig<\/td><td>Lemmermeier Karl<\/td><td>35,9<\/td><\/tr><tr><td rowspan=\"3\">2003<\/td><td>Sch\u00fctzenk\u00f6nig<\/td><td>Lemmermeier Gerhard<\/td><td>10,0<\/td><\/tr><tr><td>Wurstk\u00f6nig<\/td><td>Lemmermeier Karl<\/td><td>25,0<\/td><\/tr><tr><td>Brezenk\u00f6nig<\/td><td>Lallinger Ralph<\/td><td>27,7<\/td><\/tr><tr><td rowspan=\"3\">2002<\/td><td>Sch\u00fctzenk\u00f6nig<\/td><td>Lallinger Ralph<\/td><td>22,3<\/td><\/tr><tr><td>Wurstk\u00f6nig<\/td><td>Lallinger Heiko<\/td><td>24,2<\/td><\/tr><tr><td>Brezenk\u00f6nig<\/td><td>Lemmermeier Gerhard<\/td><td>24,8<\/td><\/tr><tr><td rowspan=\"3\">2001<\/td><td>Sch\u00fctzenk\u00f6nig<\/td><td>Lallinger Josef<\/td><td>20,4<\/td><\/tr><tr><td>Wurstk\u00f6nig<\/td><td>Lemmermeier Gerhard<\/td><td>36,6<\/td><\/tr><tr><td>Brezenk\u00f6nig<\/td><td>Heigl Martin<\/td><td>39,5<\/td><\/tr><tr><td rowspan=\"3\">2000<\/td><td>Sch\u00fctzenk\u00f6nig<\/td><td>W\u00f6lfl Gerhard<\/td><td>6,5<\/td><\/tr><tr><td>Wurstk\u00f6nig<\/td><td>Stein Johann<\/td><td>8,0<\/td><\/tr><tr><td>Brezenk\u00f6nig<\/td><td>Lemmermeier Gerhard<\/td><td>20,9<\/td><\/tr><tr><td rowspan=\"3\">1999<\/td><td>Sch\u00fctzenk\u00f6nig<\/td><td>Hochstetter Kaspar<\/td><td>10,6<\/td><\/tr><tr><td>Wurstk\u00f6nig<\/td><td>Maier Michael<\/td><td>11,8<\/td><\/tr><tr><td>Brezenk\u00f6nig<\/td><td>Lemmermeier Gerhard<\/td><td>17,1<\/td><\/tr><tr><td rowspan=\"3\">1998<\/td><td>Sch\u00fctzenk\u00f6nig<\/td><td>W\u00f6lfl Gerhard<\/td><td>11,7<\/td><\/tr><tr><td>Wurstk\u00f6nig<\/td><td>Lallinger Josef<\/td><td>15,5<\/td><\/tr><tr><td>Brezenk\u00f6nig<\/td><td>Prostmeier Gottfried<\/td><td>31,1<\/td><\/tr><tr><td rowspan=\"3\">1997<\/td><td>Sch\u00fctzenk\u00f6nig<\/td><td>Altmann Georg<\/td><td>13,3<\/td><\/tr><tr><td>Wurstk\u00f6nig<\/td><td>Hochstetter Kaspar<\/td><td>16,1<\/td><\/tr><tr><td>Brezenk\u00f6nig<\/td><td>Lemmermeier Gerhard<\/td><td>32,8<\/td><\/tr><tr><td rowspan=\"3\">1996<\/td><td>Sch\u00fctzenk\u00f6nig<\/td><td>Lallinger Josef<\/td><td>37,3<\/td><\/tr><tr><td>Wurstk\u00f6nig<\/td><td>Prostmeier Gottfried<\/td><td>55,4<\/td><\/tr><tr><td>Brezenk\u00f6nig<\/td><td>Hackl Michael<\/td><td>56,2<\/td><\/tr><tr><td rowspan=\"3\">1995<\/td><td>Sch\u00fctzenk\u00f6nig<\/td><td>Hochstetter Kaspar<\/td><td>10,7<\/td><\/tr><tr><td>Wurstk\u00f6nig<\/td><td>Maier Georg<\/td><td>13,0<\/td><\/tr><tr><td>Brezenk\u00f6nig<\/td><td>Staudinger Manfred<\/td><td>32,2<\/td><\/tr><tr><td rowspan=\"3\">1994<\/td><td>Sch\u00fctzenk\u00f6nig<\/td><td>Maier Johann<\/td><td>12,6<\/td><\/tr><tr><td>Wurstk\u00f6nig<\/td><td>Stein Martin<\/td><td>32,2<\/td><\/tr><tr><td>Brezenk\u00f6nig<\/td><td>Altmann Hans<\/td><td>39,2<\/td><\/tr><tr><td rowspan=\"3\">1993<\/td><td>Sch\u00fctzenk\u00f6nig<\/td><td>Flo\u00dfmann Johann<\/td><td>18,4<\/td><\/tr><tr><td>Wurstk\u00f6nig<\/td><td>Staudinger Manfred<\/td><td>23,7<\/td><\/tr><tr><td>Brezenk\u00f6nig<\/td><td>Lemmermeier Karl<\/td><td>26,3<\/td><\/tr><tr><td rowspan=\"3\">1992<\/td><td>Sch\u00fctzenk\u00f6nig<\/td><td>Gibas Hans-Gert<\/td><td>15,1<\/td><\/tr><tr><td>Wurstk\u00f6nig<\/td><td>Altmann Georg<\/td><td>24,7<\/td><\/tr><tr><td>Brezenk\u00f6nig<\/td><td>Lallinger Josef<\/td><td>52,4<\/td><\/tr><tr><td rowspan=\"3\">1991<\/td><td>Sch\u00fctzenk\u00f6nig<\/td><td>Scharl Martin<\/td><td>21,8<\/td><\/tr><tr><td>Wurstk\u00f6nig<\/td><td>Flo\u00dfmann Thomas<\/td><td>33,8<\/td><\/tr><tr><td>Brezenk\u00f6nig<\/td><td>Gibas Hans-Gert<\/td><td>49,7<\/td><\/tr><tr><td rowspan=\"3\">1990<\/td><td>Sch\u00fctzenk\u00f6nig<\/td><td>Hambeck Josef<\/td><td>26,2<\/td><\/tr><tr><td>Wurstk\u00f6nig<\/td><td>Gibas Hans-Gert<\/td><td>56,1<\/td><\/tr><tr><td>Brezenk\u00f6nig<\/td><td>Heigl Martin<\/td><td>57,1<\/td><\/tr><tr><td rowspan=\"3\">1989<\/td><td>Sch\u00fctzenk\u00f6nig<\/td><td>Altmann Georg<\/td><td>36,6<\/td><\/tr><tr><td>Wurstk\u00f6nig<\/td><td>Heigl Martin<\/td><td>40,9<\/td><\/tr><tr><td>Brezenk\u00f6nig<\/td><td>Maier Hans<\/td><td>42,3<\/td><\/tr><tr><td rowspan=\"3\">1988<\/td><td>Sch\u00fctzenk\u00f6nig<\/td><td>Stein Martin<\/td><td>40,3<\/td><\/tr><tr><td>Wurstk\u00f6nig<\/td><td>Heigl Martin<\/td><td>59,2<\/td><\/tr><tr><td>Brezenk\u00f6nig<\/td><td>Hochstetter Kaspar<\/td><td>60,5<\/td><\/tr><tr><td rowspan=\"3\">1987<\/td><td>Sch\u00fctzenk\u00f6nig<\/td><td>Lemmermeier Karl<\/td><td>27,5<\/td><\/tr><tr><td>Wurstk\u00f6nig<\/td><td>Hambeck Josef<\/td><td>47,7<\/td><\/tr><tr><td>Brezenk\u00f6nig<\/td><td>Scharl Martin<\/td><td>50,5<\/td><\/tr><tr><td rowspan=\"3\">1986<\/td><td>Sch\u00fctzenk\u00f6nig<\/td><td>Scharl Martin<\/td><td>26,0<\/td><\/tr><tr><td>Wurstk\u00f6nig<\/td><td>Heigl Martin<\/td><td>46,5<\/td><\/tr><tr><td>Brezenk\u00f6nig<\/td><td>Hambeck Josef<\/td><td>62,0<\/td><\/tr><tr><td rowspan=\"3\">1985<\/td><td>Sch\u00fctzenk\u00f6nig<\/td><td>Konrad Hans<\/td><td>60,5<\/td><\/tr><tr><td>Wurstk\u00f6nig<\/td><td>Weber Markus<\/td><td>60,5<\/td><\/tr><tr><td>Brezenk\u00f6nig<\/td><td>Maier Johann<\/td><td>70,5<\/td><\/tr><tr><td rowspan=\"3\">1984<\/td><td>Sch\u00fctzenk\u00f6nig<\/td><td>Lallinger Jakob<\/td><td>40,0<\/td><\/tr><tr><td>Wurstk\u00f6nig<\/td><td>Weber Degenhard<\/td><td>45,0<\/td><\/tr><tr><td>Brezenk\u00f6nig<\/td><td>Hambeck Herbert<\/td><td>46,0<\/td><\/tr><tr><td rowspan=\"3\">1983<\/td><td>Sch\u00fctzenk\u00f6nig<\/td><td>Hochholzer Josef<\/td><td>31,0<\/td><\/tr><tr><td>Wurstk\u00f6nig<\/td><td>Weber Degenhard<\/td><td>58,0<\/td><\/tr><tr><td>Brezenk\u00f6nig<\/td><td>Wegmann Benno<\/td><td>71,0<\/td><\/tr><tr><td rowspan=\"3\">1982<\/td><td>Sch\u00fctzenk\u00f6nig<\/td><td>Kaiser Georg<\/td><td>55,0<\/td><\/tr><tr><td>Wurstk\u00f6nig<\/td><td>Staudinger Manfred<\/td><td>90,0<\/td><\/tr><tr><td>Brezenk\u00f6nig<\/td><td>Hambeck Josef<\/td><td>95,0<\/td><\/tr><tr><td rowspan=\"3\">1981<\/td><td>Sch\u00fctzenk\u00f6nig<\/td><td>Staudinger Manfred<\/td><td>10,0<\/td><\/tr><tr><td>Wurstk\u00f6nig<\/td><td>Lallinger Josef<\/td><td>37,0<\/td><\/tr><tr><td>Brezenk\u00f6nig<\/td><td>Stein Georg<\/td><td>43,0<\/td><\/tr><tr><td rowspan=\"3\">1980<\/td><td>Sch\u00fctzenk\u00f6nig<\/td><td>Maier Theo<\/td><td>44,5<\/td><\/tr><tr><td>Wurstk\u00f6nig<\/td><td>Hambeck Josef<\/td><td>52,5<\/td><\/tr><tr><td>Brezenk\u00f6nigin<\/td><td>W\u00f6lfl Marlene<\/td><td>94,5<\/td><\/tr><tr><td rowspan=\"3\">1979<\/td><td>Sch\u00fctzenk\u00f6nig<\/td><td>Stein Georg<\/td><td>58,5<\/td><\/tr><tr><td>Wurstk\u00f6nig<\/td><td>Staudinger Manfred<\/td><td>68,0<\/td><\/tr><tr><td>Brezenk\u00f6nig<\/td><td>Lallinger Jakob<\/td><td>78,5<\/td><\/tr><tr><td rowspan=\"3\">1978<\/td><td>Sch\u00fctzenk\u00f6nig<\/td><td>Empl Hans<\/td><td>51,0<\/td><\/tr><tr><td>Wurstk\u00f6nig<\/td><td>W\u00f6lfl Heinrich<\/td><td>55,5<\/td><\/tr><tr><td>Brezenk\u00f6nig<\/td><td>Flo\u00dfmann Helmut<\/td><td>68,0<\/td><\/tr><tr><td rowspan=\"3\">1977<\/td><td>Sch\u00fctzenk\u00f6nig<\/td><td>Hochholzer Josef<\/td><td>31,5<\/td><\/tr><tr><td>Wurstk\u00f6nig<\/td><td>Hambeck Josef<\/td><td>44,0<\/td><\/tr><tr><td>Brezenk\u00f6nig<\/td><td>Weber Degenhard<\/td><td>47,0<\/td><\/tr><tr><td rowspan=\"3\">1976<\/td><td>Sch\u00fctzenk\u00f6nig<\/td><td>Rutzmoser Anton<\/td><td>38,0<\/td><\/tr><tr><td>Wurstk\u00f6nig<\/td><td>Lallinger Josef<\/td><td>41,5<\/td><\/tr><tr><td>Brezenk\u00f6nig<\/td><td>W\u00f6lfl Heinrich<\/td><td>42,0<\/td><\/tr><tr><td>1975<\/td><td>Sch\u00fctzenk\u00f6nig<\/td><td>Herbst Anton<\/td><td>&nbsp;<\/td><\/tr><tr><td>1974<\/td><td>Sch\u00fctzenk\u00f6nig<\/td><td>Heigl Franz<\/td><td>&nbsp;<\/td><\/tr><tr><td rowspan=\"3\">1973<\/td><td>Sch\u00fctzenk\u00f6nig<\/td><td>Lallinger Jakob<\/td><td>81,0<\/td><\/tr><tr><td>Wurstk\u00f6nig<\/td><td>Stein Georg<\/td><td>96,0<\/td><\/tr><tr><td>Brezenk\u00f6nig<\/td><td>W\u00f6lfl Michael<\/td><td>107,5<\/td><\/tr><tr><td rowspan=\"3\">1972<\/td><td>Sch\u00fctzenk\u00f6nig<\/td><td>Hambeck Josef<\/td><td>47,5<\/td><\/tr><tr><td>Wurstk\u00f6nig<\/td><td>Kaiser Georg, G.<\/td><td>48,0<\/td><\/tr><tr><td>Brezenk\u00f6nig<\/td><td>Heigl Franz<\/td><td>74,0<\/td><\/tr><tr><td rowspan=\"3\">1971<\/td><td>Sch\u00fctzenk\u00f6nig<\/td><td>Eiser Johann<\/td><td>37,5<\/td><\/tr><tr><td>Wurstk\u00f6nig<\/td><td>Lallinger Jakob<\/td><td>42,5<\/td><\/tr><tr><td>Brezenk\u00f6nig<\/td><td>Kaiser Anton<\/td><td>52,0<\/td><\/tr><tr><td rowspan=\"3\">1970<\/td><td>Sch\u00fctzenk\u00f6nig<\/td><td>Stein Georg<\/td><td>21,0<\/td><\/tr><tr><td>Wurstk\u00f6nig<\/td><td>Heigl Franz<\/td><td>37,0<\/td><\/tr><tr><td>Brezenk\u00f6nig<\/td><td>Schweiger Georg<\/td><td>73,5<\/td><\/tr><tr><td rowspan=\"3\">1969<\/td><td>Sch\u00fctzenk\u00f6nig<\/td><td>Stein Georg<\/td><td>32,5<\/td><\/tr><tr><td>Wurstk\u00f6nig<\/td><td>Scharl Martin<\/td><td>37,5<\/td><\/tr><tr><td>Brezenk\u00f6nig<\/td><td>Kaiser Anton<\/td><td>41,0<\/td><\/tr><tr><td>1968<\/td><td>Sch\u00fctzenk\u00f6nig<\/td><td>Heigl Franz<\/td><td>&nbsp;<\/td><\/tr><tr><td colspan=\"4\">&nbsp;<\/td><\/tr><tr><th>Jahr<\/th><th>Titel<\/th><th>Name<\/th><th>Ringe<\/th><\/tr><tr><td>1967<\/td><td>Sch\u00fctzenk\u00f6nig<\/td><td>Heigl Franz<\/td><td>21<\/td><\/tr><tr><td>1966<\/td><td>Sch\u00fctzenk\u00f6nig<\/td><td>Kaiser Georg, G.<\/td><td>21<\/td><\/tr><tr><td>1965<\/td><td>Sch\u00fctzenk\u00f6nig<\/td><td>Fehlberger Martin<\/td><td>22<\/td><\/tr><tr><td>1964<\/td><td>Sch\u00fctzenk\u00f6nig<\/td><td>Schweiger Georg<\/td><td>21<\/td><\/tr><tr><td>1963<\/td><td>Sch\u00fctzenk\u00f6nig<\/td><td>Kaiser Georg, G.<\/td><td>20<\/td><\/tr><tr><td>1962<\/td><td>Sch\u00fctzenk\u00f6nig<\/td><td>Pichlmair Josef<\/td><td>21<\/td><\/tr><tr><td>1961<\/td><td>Sch\u00fctzenk\u00f6nig<\/td><td>Schweiger Georg<\/td><td>22<\/td><\/tr><tr><td>1960<\/td><td>Sch\u00fctzenk\u00f6nig<\/td><td>Pichlmair Josef<\/td><td>22<\/td><\/tr><\/tbody><\/table><\/figure>\n\n\n\n<hr class=\"wp-block-separator has-alpha-channel-opacity\"\/>\n\n\n\n<div class=\"wp-block-buttons is-layout-flex wp-block-buttons-is-layout-flex\">\n<div class=\"wp-block-button has-custom-width wp-block-button__width-100\"><a class=\"wp-block-button__link has-white-color has-text-color has-background has-link-color has-small-font-size has-custom-font-size wp-element-button\" href=\"https:\/\/riedersheim.de\/index.php\/schuetzenkoenige-neu\/\" style=\"background-color:#009000\">Zur\u00fcck<\/a><\/div>\n<\/div>\n\n\n\n<p><\/p>\n","protected":false},"excerpt":{"rendered":"<p>Jahr K\u00f6nig Name Teiler 2026 Sch\u00fctzenk\u00f6nig Alfred W\u00f6lfl 9,18 Wurstk\u00f6nig Johann Stein 32,76 Brezenk\u00f6nig Robert Hilger 36,9 Jugend-Sch\u00fctzenk\u00f6nig Quirin Berger 77,9 Jugend-Wurstk\u00f6nig Jaob Beger 104,9 Jugend-Brezenk\u00f6nig Luis Landau 106,5 2025 Sch\u00fctzenk\u00f6nig Steffen Polenz 8,5 Wurstk\u00f6nig Georg Maier 32,2 Brezenk\u00f6nig Josef &hellip; <a href=\"https:\/\/riedersheim.de\/index.php\/schuetzenkoenige\/\">Weiterlesen <span class=\"meta-nav\">&rarr;<\/span><\/a><\/p>\n","protected":false},"author":1,"featured_media":0,"parent":0,"menu_order":0,"comment_status":"closed","ping_status":"closed","template":"","meta":{"footnotes":""},"class_list":["post-17","page","type-page","status-publish","hentry"],"jetpack_sharing_enabled":true,"_links":{"self":[{"href":"https:\/\/riedersheim.de\/index.php\/wp-json\/wp\/v2\/pages\/17","targetHints":{"allow":["GET"]}}],"collection":[{"href":"https:\/\/riedersheim.de\/index.php\/wp-json\/wp\/v2\/pages"}],"about":[{"href":"https:\/\/riedersheim.de\/index.php\/wp-json\/wp\/v2\/types\/page"}],"author":[{"embeddable":true,"href":"https:\/\/riedersheim.de\/index.php\/wp-json\/wp\/v2\/users\/1"}],"replies":[{"embeddable":true,"href":"https:\/\/riedersheim.de\/index.php\/wp-json\/wp\/v2\/comments?post=17"}],"version-history":[{"count":21,"href":"https:\/\/riedersheim.de\/index.php\/wp-json\/wp\/v2\/pages\/17\/revisions"}],"predecessor-version":[{"id":751,"href":"https:\/\/riedersheim.de\/index.php\/wp-json\/wp\/v2\/pages\/17\/revisions\/751"}],"wp:attachment":[{"href":"https:\/\/riedersheim.de\/index.php\/wp-json\/wp\/v2\/media?parent=17"}],"curies":[{"name":"wp","href":"https:\/\/api.w.org\/{rel}","templated":true}]}}