{"id":19,"date":"2024-10-15T16:57:25","date_gmt":"2024-10-15T16:57:25","guid":{"rendered":"https:\/\/riedersheim.de\/wordpress\/?page_id=19"},"modified":"2024-11-01T06:42:10","modified_gmt":"2024-11-01T06:42:10","slug":"links","status":"publish","type":"page","link":"https:\/\/riedersheim.de\/index.php\/links\/","title":{"rendered":"Links"},"content":{"rendered":"\n<h2 class=\"wp-block-heading\"><strong>\u00a0Rund um den Sch\u00fctzensport\u00a0<\/strong><\/h2>\n\n\n\n<figure class=\"wp-block-table\"><table class=\"has-fixed-layout\"><tbody><tr><td><a href=\"http:\/\/www.dsb.de\/\" target=\"_blank\" rel=\"noreferrer noopener\">Deutscher Sch\u00fctzenbund<\/a><\/td><\/tr><tr><td><a href=\"http:\/\/www.dsb.de\/jugend\" target=\"_blank\" rel=\"noreferrer noopener\">Deutsche Sch\u00fctzenjugend<\/a><\/td><\/tr><tr><td><a href=\"http:\/\/www.bssb.de\/\" target=\"_blank\" rel=\"noreferrer noopener\">Bayrischer Sportsch\u00fctzenbund<\/a><\/td><\/tr><tr><td><a href=\"http:\/\/www.bssj.de\/\" target=\"_blank\" rel=\"noreferrer noopener\">Bayrische Sch\u00fctzenjugend<\/a><\/td><\/tr><tr><td><a href=\"http:\/\/www.gau-erding.de\/\" target=\"_blank\" rel=\"noreferrer noopener\">Sch\u00fctzengau Erding<\/a><\/td><\/tr><\/tbody><\/table><\/figure>\n\n\n\n<h2 class=\"wp-block-heading\"><strong>\u00a0Aus dem Landkreis Erding und Umland\u00a0<\/strong><\/h2>\n\n\n\n<figure class=\"wp-block-table\"><table class=\"has-fixed-layout\"><tbody><tr><td><a href=\"http:\/\/www.erding.de\/\" target=\"_blank\" rel=\"noreferrer noopener\">Stadt Erding<\/a><\/td><\/tr><tr><td><a href=\"http:\/\/www.landkreis-erding.de\/\" target=\"_blank\" rel=\"noreferrer noopener\">Landkreis Erding<\/a><\/td><\/tr><tr><td><a href=\"http:\/\/www.ed-wappen.de\/\" target=\"_blank\" rel=\"noreferrer noopener\">Wappen und Flaggen des Landkreises Erding<\/a><\/td><\/tr><\/tbody><\/table><\/figure>\n\n\n\n<h2 class=\"wp-block-heading\"><strong>Aus dem Gemeindebereich Bockhorn\u00a0<\/strong><\/h2>\n\n\n\n<figure class=\"wp-block-table\"><table class=\"has-fixed-layout\"><tbody><tr><td><a href=\"http:\/\/www.bockhorn-obb.de\/\" target=\"_blank\" rel=\"noreferrer noopener\">Gemeindeverwaltung Bockhorn<\/a><\/td><\/tr><tr><td><a href=\"http:\/\/www.erzbistum-muenchen.de\/PV-Bockhorn\" target=\"_blank\" rel=\"noreferrer noopener\">Pfarrverband Bockhorn<\/a><\/td><\/tr><tr><td><a href=\"http:\/\/www.ffw-bockhorn.de\/\" target=\"_blank\" rel=\"noreferrer noopener\">Freiwillige Feuerwehr Bockhorn<\/a><\/td><\/tr><tr><td><a href=\"http:\/\/www.theatergruppe-bockhorn.de\/\" target=\"_blank\" rel=\"noreferrer noopener\">Theatergruppe Bockhorn<\/a><\/td><\/tr><tr><td><a href=\"http:\/\/www.mauggen.de\/\" target=\"_blank\" rel=\"noreferrer noopener\">Sch\u00fctzenverein Mauggen<\/a><\/td><\/tr><tr><td><a href=\"http:\/\/www.tankham.de\/\" target=\"_blank\" rel=\"noreferrer noopener\">R\u00fcscherlclub Tankham<\/a><\/td><\/tr><\/tbody><\/table><\/figure>\n","protected":false},"excerpt":{"rendered":"<p>\u00a0Rund um den Sch\u00fctzensport\u00a0 Deutscher Sch\u00fctzenbund Deutsche Sch\u00fctzenjugend Bayrischer Sportsch\u00fctzenbund Bayrische Sch\u00fctzenjugend Sch\u00fctzengau Erding \u00a0Aus dem Landkreis Erding und Umland\u00a0 Stadt Erding Landkreis Erding Wappen und Flaggen des Landkreises Erding Aus dem Gemeindebereich Bockhorn\u00a0 Gemeindeverwaltung Bockhorn Pfarrverband Bockhorn Freiwillige Feuerwehr &hellip; <a href=\"https:\/\/riedersheim.de\/index.php\/links\/\">Weiterlesen <span class=\"meta-nav\">&rarr;<\/span><\/a><\/p>\n","protected":false},"author":1,"featured_media":0,"parent":0,"menu_order":0,"comment_status":"closed","ping_status":"closed","template":"","meta":{"footnotes":""},"class_list":["post-19","page","type-page","status-publish","hentry"],"jetpack_sharing_enabled":true,"_links":{"self":[{"href":"https:\/\/riedersheim.de\/index.php\/wp-json\/wp\/v2\/pages\/19","targetHints":{"allow":["GET"]}}],"collection":[{"href":"https:\/\/riedersheim.de\/index.php\/wp-json\/wp\/v2\/pages"}],"about":[{"href":"https:\/\/riedersheim.de\/index.php\/wp-json\/wp\/v2\/types\/page"}],"author":[{"embeddable":true,"href":"https:\/\/riedersheim.de\/index.php\/wp-json\/wp\/v2\/users\/1"}],"replies":[{"embeddable":true,"href":"https:\/\/riedersheim.de\/index.php\/wp-json\/wp\/v2\/comments?post=19"}],"version-history":[{"count":4,"href":"https:\/\/riedersheim.de\/index.php\/wp-json\/wp\/v2\/pages\/19\/revisions"}],"predecessor-version":[{"id":369,"href":"https:\/\/riedersheim.de\/index.php\/wp-json\/wp\/v2\/pages\/19\/revisions\/369"}],"wp:attachment":[{"href":"https:\/\/riedersheim.de\/index.php\/wp-json\/wp\/v2\/media?parent=19"}],"curies":[{"name":"wp","href":"https:\/\/api.w.org\/{rel}","templated":true}]}}