{"id":194,"date":"2024-10-18T07:30:07","date_gmt":"2024-10-18T07:30:07","guid":{"rendered":"https:\/\/riedersheim.de\/wordpress\/?page_id=194"},"modified":"2024-11-03T20:20:46","modified_gmt":"2024-11-03T20:20:46","slug":"chronik","status":"publish","type":"page","link":"https:\/\/riedersheim.de\/index.php\/chronik\/","title":{"rendered":"Chronik"},"content":{"rendered":"\n<p><strong>Auszug aus der Vereinschronik<\/strong><\/p>\n\n\n\n<p>Die Vorstandschaft des hiesigen Trachtenvereins berief zum 8.12.1929 eine Versammlung ein, um den Trachtenverein aufzul\u00f6sen und einen Sch\u00fctzenverein zu gr\u00fcnden. Die anwesenden 11 Mitglieder stimmten einstimmig diesem Beschluss zu. Die Wahl der neuen Vorstandschaft wurde auf den 31.12.1929 festgesetzt.<br>Gew\u00e4hlt wurden:<br><\/p>\n\n\n\n<figure class=\"wp-block-table\"><table class=\"has-fixed-layout\"><tbody><tr><td>1. Vorstand:<\/td><td>Georg Kaiser, Deimling<\/td><\/tr><tr><td>Kassier:<\/td><td>Franz Prostmeier, Riedersheim<\/td><\/tr><tr><td>Schriftf\u00fchrer:<\/td><td>Anton Leneis, Riedersheim<\/td><\/tr><\/tbody><\/table><\/figure>\n\n\n\n<p>Die Kasse des aufgel\u00f6sten Trachtenvereins wurde \u00fcbernommen, so dass ein Stutzen angeschafft werden konnte. Im Laufe der kommenden Jahre fanden zahlreiche Schie\u00dfveranstaltungen statt, wie \u00dcbungs-, Preis- und Strohschie\u00dfen.<\/p>\n\n\n\n<p>Am 24.7.1932 fand das 1. Waldfest statt, welches in gemeinsamer Regie mit dem Herbergsvater Franz Prostmeier durchgef\u00fchrt wurde.<br>Im Jahre 1939, Beginn des 2. Weltkrieges, konnte der Vereinsbetrieb nicht aufrecht erhalten werden, da die meisten Mitglieder den Einberufungsbefehl erhielten. Die Sachwerte \u00fcbernahm die Herbergsmutter zur Aufbewahrung.<br>Erst im Jahre 1951 kam wieder Leben in die Vereinsgeschichte. Neuwahlen fanden am 13.10.51 statt. Die 23 Mitglieder w\u00e4hlten folgenden neuen Vorstand:<\/p>\n\n\n\n<figure class=\"wp-block-table\"><table class=\"has-fixed-layout\"><tbody><tr><td>1. Sch\u00fctzenmeister:<\/td><td>Michael Hackl, Hundshof<\/td><\/tr><tr><td>Kassier:<\/td><td>Franz Prostmeier, Riedersheim<\/td><\/tr><tr><td>Schriftf\u00fchrer:<\/td><td>Martin Heigl, Haslbach<\/td><\/tr><\/tbody><\/table><\/figure>\n\n\n\n<p>Die Schie\u00dfabende wurden 14-t\u00e4gig abgehalten und rege gen\u00fctzt. Im Jahre 1956 hatte man nach langen \u00dcberlegungen beschlossen, eine Sch\u00fctzenfahne anfertigen zu lassen. Das gro\u00dfe Ereignis der &#8222;Fahnenweihe&#8220; fand am 19.8.1956 statt. Im w\u00fcrdigen Rahmen mit Festgottesdienst, gro\u00dfem Umzug und Festmahl wurde dieser denkw\u00fcrdige Tag gefeiert.<\/p>\n\n\n\n<p>In den kommenden Jahren hat man den Schie\u00dfbetrieb immer intensiver durchgef\u00fchrt. Es fanden mehrere Freundschafts- und Pokalschie\u00dfen statt. Erfreulicherweise zeigten immer mehr Jugendliche Interesse am Sch\u00fctzenverein.<\/p>\n\n\n\n<p>Zum 40-j\u00e4hrigen Gr\u00fcndungsfest, welches am 7.8.1970 im kleinen Rahmen stattfand, konnten vier Gr\u00fcndungsmitglieder besonders geehrt werden und zwar: Georg Gilg, Josef Schweiger, Anton Leneis und Jakob K\u00fcbelsbeck. Au\u00dferdem wurden Leistungsabzeichen an die besten Sch\u00fctzen \u00fcberreicht.<\/p>\n\n\n\n<p>Unser traditionelles Waldfest, welches j\u00e4hrlich in den Prabst-Waldungen stattfand, erfreute sich gro\u00dfer Beliebtheit und wurde von Jung und Alt gerne besucht. Verheerende St\u00fcrme Anfang der 90er Jahre, lichteten den Baumbestand soweit aus, dass seither ersatzweise ein sehr gut besuchtes Dorffest durchgef\u00fchrt wird.<\/p>\n\n\n\n<p>Seit 1986 nahmen zeitweise bis zu drei Mannschaften an den Gaurundenwettk\u00e4mpfen des Sch\u00fctzengaues Erding teil. Dabei gelang es der ersten Mannschaft bereits mehrfach in die B-Klasse aufzusteigen und sich dort einige Jahre zu behaupten.<\/p>\n\n\n\n<p>Der Sch\u00fctzenverein ist aus gesellschaftlichen und kulturellen Gr\u00fcnden fester Bestandteil des hiesigen Vereinslebens geworden.<\/p>\n\n\n\n<p><strong>Bisherige Sch\u00fctzenmeister:<\/strong><\/p>\n\n\n\n<figure class=\"wp-block-table\"><table class=\"has-fixed-layout\"><tbody><tr><td>1931 &#8211; 1939<\/td><td>Georg Kaiser, Deimling<\/td><\/tr><tr><td>1951 &#8211; 1953<\/td><td>Michael Hackl, Hundshof<\/td><\/tr><tr><td>1953 &#8211; 1956<\/td><td>Karl Attensberger, Bockhorn<\/td><\/tr><tr><td>1956 &#8211; 1958<\/td><td>Sebastian Neumaier, Riedersheim<\/td><\/tr><tr><td>1958 &#8211; 1965<\/td><td>Lorenz Rosenhuber<\/td><\/tr><tr><td>1965 &#8211; 1966<\/td><td>Erich Gendig, Riedersheim<\/td><\/tr><tr><td>1966 &#8211; 1984<\/td><td>Georg Schweiger, Riedersheim<\/td><\/tr><tr><td>1984 &#8211; 1993<\/td><td>Georg Stein, Riedersheim<\/td><\/tr><tr><td>1993 &#8211; 2003<\/td><td>Karl Lemmermeier, Riedersheim<\/td><\/tr><tr><td>2003 &#8211; 2023<\/td><td>Gerhard Lemmermeier, Bockhorn<\/td><\/tr><tr><td>seit 2024<\/td><td>Robert Wagner, Haslbach<\/td><\/tr><\/tbody><\/table><\/figure>\n\n\n\n<p>Der Schutzenmeister ist auch Vorsitzender der <a href=\"https:\/\/riedersheim.de\/index.php\/vorstandschaft\/\" data-type=\"page\" data-id=\"10\">aktuellen Vorstandschaft<\/a>.<\/p>\n\n\n\n<p><\/p>\n","protected":false},"excerpt":{"rendered":"<p>Auszug aus der Vereinschronik Die Vorstandschaft des hiesigen Trachtenvereins berief zum 8.12.1929 eine Versammlung ein, um den Trachtenverein aufzul\u00f6sen und einen Sch\u00fctzenverein zu gr\u00fcnden. Die anwesenden 11 Mitglieder stimmten einstimmig diesem Beschluss zu. Die Wahl der neuen Vorstandschaft wurde auf &hellip; <a href=\"https:\/\/riedersheim.de\/index.php\/chronik\/\">Weiterlesen <span class=\"meta-nav\">&rarr;<\/span><\/a><\/p>\n","protected":false},"author":1,"featured_media":0,"parent":0,"menu_order":0,"comment_status":"closed","ping_status":"closed","template":"","meta":{"footnotes":""},"class_list":["post-194","page","type-page","status-publish","hentry"],"jetpack_sharing_enabled":true,"_links":{"self":[{"href":"https:\/\/riedersheim.de\/index.php\/wp-json\/wp\/v2\/pages\/194","targetHints":{"allow":["GET"]}}],"collection":[{"href":"https:\/\/riedersheim.de\/index.php\/wp-json\/wp\/v2\/pages"}],"about":[{"href":"https:\/\/riedersheim.de\/index.php\/wp-json\/wp\/v2\/types\/page"}],"author":[{"embeddable":true,"href":"https:\/\/riedersheim.de\/index.php\/wp-json\/wp\/v2\/users\/1"}],"replies":[{"embeddable":true,"href":"https:\/\/riedersheim.de\/index.php\/wp-json\/wp\/v2\/comments?post=194"}],"version-history":[{"count":5,"href":"https:\/\/riedersheim.de\/index.php\/wp-json\/wp\/v2\/pages\/194\/revisions"}],"predecessor-version":[{"id":691,"href":"https:\/\/riedersheim.de\/index.php\/wp-json\/wp\/v2\/pages\/194\/revisions\/691"}],"wp:attachment":[{"href":"https:\/\/riedersheim.de\/index.php\/wp-json\/wp\/v2\/media?parent=194"}],"curies":[{"name":"wp","href":"https:\/\/api.w.org\/{rel}","templated":true}]}}