{"id":202,"date":"2024-10-18T07:42:59","date_gmt":"2024-10-18T07:42:59","guid":{"rendered":"https:\/\/riedersheim.de\/wordpress\/?page_id=202"},"modified":"2024-11-02T10:42:30","modified_gmt":"2024-11-02T10:42:30","slug":"riedersheim","status":"publish","type":"page","link":"https:\/\/riedersheim.de\/index.php\/riedersheim\/","title":{"rendered":"Geschichte des Ortes"},"content":{"rendered":"\n<p>W\u00e4hrend Bockhorn mehr oder weniger ein stilles Pfarrdorf war, erhielt Riedersheim als Edelsitz und sp\u00e4tere Hofmark gr\u00f6\u00dfere Bedeutung. Nach einer Urkunde des Hochstifts Freising tauscht Bischof Abraham (972 &#8211; 976) von dem edlen Vasallen der Kirche Ruodbert Besitz zu Sollach, Maierklopfen und Riedersheim gegen anderen in Oppolding.<\/p>\n\n\n\n<p>&#8222;Ruodrihhesheimun&#8220; steht auf dem Pergament vom bisch\u00f6flichen Notar niedergeschrieben, das hei\u00dft Riedersheim. Offensichtlich ist auch Ruodbert in diesem alten Riedersheim ans\u00e4ssig. 994 bis 1005 unter Bischof Gottschalk erfolgt ein weiterer Tausch mit Grundst\u00fccken zu &#8222;Ruothrihesheim&#8220;. Im 14. Jahrhundert sitzen die Schmatz oder Schmaz in Riedersheim. 1350 vergleichen sich Cunrad Schmaz von Riedershaimb und Heinrich der Schmaz von Widdersdorf mit Abt Heinrich von Rott. 1443 sind verzeichnet &#8222;Zween Br\u00fcder die Schmatzen Ruedersheim&#8220;.<\/p>\n\n\n\n<figure class=\"wp-block-image size-full\"><img loading=\"lazy\" decoding=\"async\" width=\"698\" height=\"507\" src=\"https:\/\/riedersheim.de\/wordpress\/wp-content\/uploads\/2024\/10\/grafik-2.png\" alt=\"\" class=\"wp-image-203\" srcset=\"https:\/\/riedersheim.de\/wp-content\/uploads\/2024\/10\/grafik-2.png 698w, https:\/\/riedersheim.de\/wp-content\/uploads\/2024\/10\/grafik-2-300x218.png 300w\" sizes=\"auto, (max-width: 698px) 100vw, 698px\" \/><figcaption class=\"wp-element-caption\">Kupferstich des Riedersheimer Schlosses<\/figcaption><\/figure>\n\n\n\n<p>1442 und 1448 siegelt Bernhard Schmatz zu Riedersheim. In der Peyschen Adelsbeschreibung lesen wir, da\u00df die Tochter von Niklas Schmaz Anna Hans von Sch\u00f6nstetten (Sch\u00f6nstein) 1460 heiratet, der 1472 Sitz und Hofmark Riedersheim am Balthasar P\u00f6tschner, B\u00fcrgermeister zu M\u00fcnchen, verkauft. Von dem 1483 genannten edlen Ritter Paul P\u00f6tschner zeugt ein fast v\u00f6llig abgetretener Grabstein in der Pfarrkirche.<\/p>\n\n\n\n<p>1514 tauchen die Perfall als Nachfolger der P\u00f6tschner in Riedersheim auf. 1554 bis 1696 sind die Neuchinger dort ans\u00e4ssig. 1580 hei\u00dft es z. B.: &#8222;Wilhelm Neuchinger hat zu Riedershaim ainen Edelmannsitz, dabei ein Tafern, ainen Sedlhof ain Padt vund ain S\u00f6ldn, ist alles aign&#8220;. Weiteren Besitz haben die Neuchinger zu Riedersheim u. a. in Kirchasch, Schaftlding, H\u00f6rgersdorf (Edelmannssitz) Pfaffing, Tegernbach.<\/p>\n\n\n\n<p>1597 h\u00f6ren wir, da\u00df Wilhelm Neuchingers Witwe Inhaberin der Hofmark ist. &#8222;Hat ein gemauert Haus oder Gschlessl&#8220;. Es reihen sich als Inhaber und Besitzer durch Heirat die Imhoff (1696) und schlie\u00dflich die Freiherrn von Widmann (1744 bis 1832) durch Kauf an. 1774 wurde das alte Schlo\u00df abgebrochen, ebenso die alte Schlo\u00dfkapelle.<\/p>\n\n\n\n<hr class=\"wp-block-separator has-alpha-channel-opacity\"\/>\n\n\n\n<h2 class=\"wp-block-heading\">Interessant dazu auch ein paar Artikel im M\u00fcnchner Merkur. <\/h2>\n\n\n\n<ul class=\"wp-block-list\">\n<li>04.07.2024: <a href=\"https:\/\/www.merkur.de\/lokales\/erding\/bockhorn-ort377212\/bockhorn-die-verschwundene-burg-von-riedersheim-93166510.html\" target=\"_blank\" rel=\"noreferrer noopener\">Die verschwundene Burg von Riedersheim<\/a><\/li>\n\n\n\n<li>19.06.2024: <a href=\"https:\/\/www.merkur.de\/lokales\/erding\/bockhorn-ort377212\/der-frieden-beginnt-im-eigenen-herzen-krieger-und-soldaten-kameradschaft-bockhorn-150-jahre-93137366.html\" data-type=\"link\" data-id=\"https:\/\/www.merkur.de\/lokales\/erding\/bockhorn-ort377212\/der-frieden-beginnt-im-eigenen-herzen-krieger-und-soldaten-kameradschaft-bockhorn-150-jahre-93137366.html\" target=\"_blank\" rel=\"noreferrer noopener\">Bergmesse<\/a><\/li>\n\n\n\n<li>06.01.2014: <a href=\"https:\/\/www.merkur.de\/lokales\/erding\/schloss-gesucht-burg-gefunden-3299288.html\" target=\"_blank\" rel=\"noreferrer noopener\">Schloss gesucht, Burg gefunden<\/a><\/li>\n\n\n\n<li>29.04.2009: <a href=\"https:\/\/www.merkur.de\/lokales\/regionen\/burgruinen-errichtet-252405.html\" target=\"_blank\" rel=\"noreferrer noopener\">Auf Burgruinen errichtet<\/a><\/li>\n<\/ul>\n\n\n\n<p><\/p>\n","protected":false},"excerpt":{"rendered":"<p>W\u00e4hrend Bockhorn mehr oder weniger ein stilles Pfarrdorf war, erhielt Riedersheim als Edelsitz und sp\u00e4tere Hofmark gr\u00f6\u00dfere Bedeutung. Nach einer Urkunde des Hochstifts Freising tauscht Bischof Abraham (972 &#8211; 976) von dem edlen Vasallen der Kirche Ruodbert Besitz zu Sollach, &hellip; <a href=\"https:\/\/riedersheim.de\/index.php\/riedersheim\/\">Weiterlesen <span class=\"meta-nav\">&rarr;<\/span><\/a><\/p>\n","protected":false},"author":1,"featured_media":0,"parent":0,"menu_order":0,"comment_status":"closed","ping_status":"closed","template":"","meta":{"footnotes":""},"class_list":["post-202","page","type-page","status-publish","hentry"],"jetpack_sharing_enabled":true,"_links":{"self":[{"href":"https:\/\/riedersheim.de\/index.php\/wp-json\/wp\/v2\/pages\/202","targetHints":{"allow":["GET"]}}],"collection":[{"href":"https:\/\/riedersheim.de\/index.php\/wp-json\/wp\/v2\/pages"}],"about":[{"href":"https:\/\/riedersheim.de\/index.php\/wp-json\/wp\/v2\/types\/page"}],"author":[{"embeddable":true,"href":"https:\/\/riedersheim.de\/index.php\/wp-json\/wp\/v2\/users\/1"}],"replies":[{"embeddable":true,"href":"https:\/\/riedersheim.de\/index.php\/wp-json\/wp\/v2\/comments?post=202"}],"version-history":[{"count":5,"href":"https:\/\/riedersheim.de\/index.php\/wp-json\/wp\/v2\/pages\/202\/revisions"}],"predecessor-version":[{"id":479,"href":"https:\/\/riedersheim.de\/index.php\/wp-json\/wp\/v2\/pages\/202\/revisions\/479"}],"wp:attachment":[{"href":"https:\/\/riedersheim.de\/index.php\/wp-json\/wp\/v2\/media?parent=202"}],"curies":[{"name":"wp","href":"https:\/\/api.w.org\/{rel}","templated":true}]}}