{"id":262,"date":"2024-10-19T18:44:51","date_gmt":"2024-10-19T18:44:51","guid":{"rendered":"https:\/\/riedersheim.de\/wordpress\/?page_id=262"},"modified":"2024-11-03T08:33:54","modified_gmt":"2024-11-03T08:33:54","slug":"erinnerung","status":"publish","type":"page","link":"https:\/\/riedersheim.de\/index.php\/erinnerung\/","title":{"rendered":"Erinnerung"},"content":{"rendered":"\n<p>In Erinnerung an unseren langj\u00e4hrigen Sch\u00fctzenmeister Gerhard Lemmermeier erschien ein Nachruf im <a href=\"https:\/\/www.merkur.de\/lokales\/erding\/bockhorn-ort377212\/ein-vereinsmeier-mit-leib-und-seele-schuetzen-gerhard-lemmermeier-riedersheim-bockhorn-nachruf-92912220.html\" data-type=\"link\" data-id=\"https:\/\/www.merkur.de\/lokales\/erding\/bockhorn-ort377212\/eine-wirtin-wie-man-sie-sich-wuenscht-90353273.html\" target=\"_blank\" rel=\"noreferrer noopener\">M\u00fcnchner Merkur<\/a>.<\/p>\n\n\n\n<figure class=\"wp-block-image size-large\"><img loading=\"lazy\" decoding=\"async\" width=\"1024\" height=\"712\" src=\"https:\/\/riedersheim.de\/wordpress\/wp-content\/uploads\/2024\/10\/Erinnerung_Gerhard-Lemmermeier-1024x712.jpeg\" alt=\"\" class=\"wp-image-296\" srcset=\"https:\/\/riedersheim.de\/wp-content\/uploads\/2024\/10\/Erinnerung_Gerhard-Lemmermeier-1024x712.jpeg 1024w, https:\/\/riedersheim.de\/wp-content\/uploads\/2024\/10\/Erinnerung_Gerhard-Lemmermeier-300x208.jpeg 300w, https:\/\/riedersheim.de\/wp-content\/uploads\/2024\/10\/Erinnerung_Gerhard-Lemmermeier-768x534.jpeg 768w, https:\/\/riedersheim.de\/wp-content\/uploads\/2024\/10\/Erinnerung_Gerhard-Lemmermeier-1536x1067.jpeg 1536w, https:\/\/riedersheim.de\/wp-content\/uploads\/2024\/10\/Erinnerung_Gerhard-Lemmermeier-rotated.jpeg 1940w\" sizes=\"auto, (max-width: 1024px) 100vw, 1024px\" \/><\/figure>\n\n\n\n<figure class=\"wp-block-image size-large\"><img loading=\"lazy\" decoding=\"async\" width=\"1024\" height=\"610\" src=\"https:\/\/riedersheim.de\/wordpress\/wp-content\/uploads\/2024\/10\/Erinnerung_Gerhard-Lemmermeier_1-1024x610.jpeg\" alt=\"\" class=\"wp-image-297\" srcset=\"https:\/\/riedersheim.de\/wp-content\/uploads\/2024\/10\/Erinnerung_Gerhard-Lemmermeier_1-1024x610.jpeg 1024w, https:\/\/riedersheim.de\/wp-content\/uploads\/2024\/10\/Erinnerung_Gerhard-Lemmermeier_1-300x179.jpeg 300w, https:\/\/riedersheim.de\/wp-content\/uploads\/2024\/10\/Erinnerung_Gerhard-Lemmermeier_1-768x457.jpeg 768w, https:\/\/riedersheim.de\/wp-content\/uploads\/2024\/10\/Erinnerung_Gerhard-Lemmermeier_1.jpeg 1080w\" sizes=\"auto, (max-width: 1024px) 100vw, 1024px\" \/><\/figure>\n\n\n\n<hr class=\"wp-block-separator has-alpha-channel-opacity\"\/>\n\n\n\n<p>Der Sch\u00fctzenverein trauert um seinen Herbergsvater Franz Prostmeier.<\/p>\n\n\n\n<figure class=\"wp-block-image size-large\"><img loading=\"lazy\" decoding=\"async\" width=\"1024\" height=\"749\" src=\"https:\/\/riedersheim.de\/wordpress\/wp-content\/uploads\/2024\/10\/SterbebildFranzProstmeier-1024x749.jpg\" alt=\"\" class=\"wp-image-263\" srcset=\"https:\/\/riedersheim.de\/wp-content\/uploads\/2024\/10\/SterbebildFranzProstmeier-1024x749.jpg 1024w, https:\/\/riedersheim.de\/wp-content\/uploads\/2024\/10\/SterbebildFranzProstmeier-300x220.jpg 300w, https:\/\/riedersheim.de\/wp-content\/uploads\/2024\/10\/SterbebildFranzProstmeier-768x562.jpg 768w, https:\/\/riedersheim.de\/wp-content\/uploads\/2024\/10\/SterbebildFranzProstmeier.jpg 1260w\" sizes=\"auto, (max-width: 1024px) 100vw, 1024px\" \/><\/figure>\n\n\n\n<hr class=\"wp-block-separator has-alpha-channel-opacity\"\/>\n\n\n\n<p>In Erinnerung an unsere Wirtin Elisabeth Prostmeier erschien ein Nachruf im <a href=\"https:\/\/www.merkur.de\/lokales\/erding\/bockhorn-ort377212\/eine-wirtin-wie-man-sie-sich-wuenscht-90353273.html\" data-type=\"link\" data-id=\"https:\/\/www.merkur.de\/lokales\/erding\/bockhorn-ort377212\/eine-wirtin-wie-man-sie-sich-wuenscht-90353273.html\" target=\"_blank\" rel=\"noreferrer noopener\">M\u00fcnchner Merkur<\/a>.<\/p>\n\n\n\n<figure class=\"wp-block-image size-large\"><img loading=\"lazy\" decoding=\"async\" width=\"1024\" height=\"755\" src=\"https:\/\/riedersheim.de\/wordpress\/wp-content\/uploads\/2024\/10\/Erinnerung_Elisabeth-Prostmeier-1024x755.jpeg\" alt=\"\" class=\"wp-image-298\" srcset=\"https:\/\/riedersheim.de\/wp-content\/uploads\/2024\/10\/Erinnerung_Elisabeth-Prostmeier-1024x755.jpeg 1024w, https:\/\/riedersheim.de\/wp-content\/uploads\/2024\/10\/Erinnerung_Elisabeth-Prostmeier-300x221.jpeg 300w, https:\/\/riedersheim.de\/wp-content\/uploads\/2024\/10\/Erinnerung_Elisabeth-Prostmeier-768x566.jpeg 768w, https:\/\/riedersheim.de\/wp-content\/uploads\/2024\/10\/Erinnerung_Elisabeth-Prostmeier-1536x1132.jpeg 1536w, https:\/\/riedersheim.de\/wp-content\/uploads\/2024\/10\/Erinnerung_Elisabeth-Prostmeier-rotated.jpeg 1984w\" sizes=\"auto, (max-width: 1024px) 100vw, 1024px\" \/><\/figure>\n\n\n\n<p><\/p>\n","protected":false},"excerpt":{"rendered":"<p>In Erinnerung an unseren langj\u00e4hrigen Sch\u00fctzenmeister Gerhard Lemmermeier erschien ein Nachruf im M\u00fcnchner Merkur. Der Sch\u00fctzenverein trauert um seinen Herbergsvater Franz Prostmeier. In Erinnerung an unsere Wirtin Elisabeth Prostmeier erschien ein Nachruf im M\u00fcnchner Merkur.<\/p>\n","protected":false},"author":1,"featured_media":0,"parent":0,"menu_order":0,"comment_status":"closed","ping_status":"closed","template":"","meta":{"footnotes":""},"class_list":["post-262","page","type-page","status-publish","hentry"],"jetpack_sharing_enabled":true,"_links":{"self":[{"href":"https:\/\/riedersheim.de\/index.php\/wp-json\/wp\/v2\/pages\/262","targetHints":{"allow":["GET"]}}],"collection":[{"href":"https:\/\/riedersheim.de\/index.php\/wp-json\/wp\/v2\/pages"}],"about":[{"href":"https:\/\/riedersheim.de\/index.php\/wp-json\/wp\/v2\/types\/page"}],"author":[{"embeddable":true,"href":"https:\/\/riedersheim.de\/index.php\/wp-json\/wp\/v2\/users\/1"}],"replies":[{"embeddable":true,"href":"https:\/\/riedersheim.de\/index.php\/wp-json\/wp\/v2\/comments?post=262"}],"version-history":[{"count":7,"href":"https:\/\/riedersheim.de\/index.php\/wp-json\/wp\/v2\/pages\/262\/revisions"}],"predecessor-version":[{"id":626,"href":"https:\/\/riedersheim.de\/index.php\/wp-json\/wp\/v2\/pages\/262\/revisions\/626"}],"wp:attachment":[{"href":"https:\/\/riedersheim.de\/index.php\/wp-json\/wp\/v2\/media?parent=262"}],"curies":[{"name":"wp","href":"https:\/\/api.w.org\/{rel}","templated":true}]}}